{"id":210,"date":"2025-12-07T10:12:03","date_gmt":"2025-12-07T10:12:03","guid":{"rendered":"https:\/\/www.appuistrategique.fr\/index.php\/strategie-e-commerce-pilotage-de-projets-digitaux-appui-strategique\/"},"modified":"2026-01-08T10:57:25","modified_gmt":"2026-01-08T10:57:25","slug":"strategie-e-commerce-pilotage-de-projets-digitaux-appui-strategique","status":"publish","type":"page","link":"https:\/\/www.appuistrategique.fr\/index.php\/strategie-e-commerce-pilotage-de-projets-digitaux-appui-strategique\/","title":{"rendered":"Strat\u00e9gie E-commerce &#038; Pilotage de Projets Digitaux | Appui Strat\u00e9gique"},"content":{"rendered":"\n\n","protected":false},"excerpt":{"rendered":"","protected":false},"author":1,"featured_media":0,"parent":0,"menu_order":0,"comment_status":"closed","ping_status":"closed","template":"full-width","meta":{"saved_in_kubio":true,"footnotes":""},"class_list":["post-210","page","type-page","status-publish","hentry"],"kubio_ai_page_context":{"short_desc":"","purpose":"general"},"yoast_head":"<!-- This site is optimized with the Yoast SEO plugin v27.3 - https:\/\/yoast.com\/product\/yoast-seo-wordpress\/ -->\n<title>Strat\u00e9gie E-commerce &amp; Pilotage de Projets Digitaux | Appui Strat\u00e9gique - Appui Strat\u00e9gique<\/title>\n<meta name=\"description\" content=\"Boostez votre rentabilit\u00e9 en ligne. Consultant expert en strat\u00e9gie et pilotage de projets : de l&#039;audit \u00e0 l&#039;optimisation du parcours client et du ROI.\" \/>\n<meta name=\"robots\" content=\"index, follow, max-snippet:-1, max-image-preview:large, max-video-preview:-1\" \/>\n<link rel=\"canonical\" href=\"https:\/\/www.appuistrategique.fr\/index.php\/strategie-e-commerce-pilotage-de-projets-digitaux-appui-strategique\/\" \/>\n<meta property=\"og:locale\" content=\"fr_FR\" \/>\n<meta property=\"og:type\" content=\"article\" \/>\n<meta property=\"og:title\" content=\"Strat\u00e9gie E-commerce &amp; Pilotage de Projets Digitaux | Appui Strat\u00e9gique - Appui Strat\u00e9gique\" \/>\n<meta property=\"og:description\" content=\"Boostez votre rentabilit\u00e9 en ligne. Consultant expert en strat\u00e9gie et pilotage de projets : de l&#039;audit \u00e0 l&#039;optimisation du parcours client et du ROI.\" \/>\n<meta property=\"og:url\" content=\"https:\/\/www.appuistrategique.fr\/index.php\/strategie-e-commerce-pilotage-de-projets-digitaux-appui-strategique\/\" \/>\n<meta property=\"og:site_name\" content=\"Appui Strat\u00e9gique\" \/>\n<meta property=\"article:modified_time\" content=\"2026-01-08T10:57:25+00:00\" \/>\n<meta property=\"og:image\" content=\"https:\/\/www.appuistrategique.fr\/wp-content\/uploads\/2025\/12\/cropped-Logo-Appui-Strategique-1.webp\" \/>\n\t<meta property=\"og:image:width\" content=\"512\" \/>\n\t<meta property=\"og:image:height\" content=\"512\" \/>\n\t<meta property=\"og:image:type\" content=\"image\/webp\" \/>\n<meta name=\"twitter:card\" content=\"summary_large_image\" \/>\n<!-- \/ Yoast SEO plugin. -->","yoast_head_json":{"title":"Strat\u00e9gie E-commerce & Pilotage de Projets Digitaux | Appui Strat\u00e9gique - Appui Strat\u00e9gique","description":"Boostez votre rentabilit\u00e9 en ligne. Consultant expert en strat\u00e9gie et pilotage de projets : de l'audit \u00e0 l'optimisation du parcours client et du ROI.","robots":{"index":"index","follow":"follow","max-snippet":"max-snippet:-1","max-image-preview":"max-image-preview:large","max-video-preview":"max-video-preview:-1"},"canonical":"https:\/\/www.appuistrategique.fr\/index.php\/strategie-e-commerce-pilotage-de-projets-digitaux-appui-strategique\/","og_locale":"fr_FR","og_type":"article","og_title":"Strat\u00e9gie E-commerce & Pilotage de Projets Digitaux | Appui Strat\u00e9gique - Appui Strat\u00e9gique","og_description":"Boostez votre rentabilit\u00e9 en ligne. Consultant expert en strat\u00e9gie et pilotage de projets : de l'audit \u00e0 l'optimisation du parcours client et du ROI.","og_url":"https:\/\/www.appuistrategique.fr\/index.php\/strategie-e-commerce-pilotage-de-projets-digitaux-appui-strategique\/","og_site_name":"Appui Strat\u00e9gique","article_modified_time":"2026-01-08T10:57:25+00:00","og_image":[{"width":512,"height":512,"url":"https:\/\/www.appuistrategique.fr\/wp-content\/uploads\/2025\/12\/cropped-Logo-Appui-Strategique-1.webp","type":"image\/webp"}],"twitter_card":"summary_large_image","schema":{"@context":"https:\/\/schema.org","@graph":[{"@type":"WebPage","@id":"https:\/\/www.appuistrategique.fr\/index.php\/strategie-e-commerce-pilotage-de-projets-digitaux-appui-strategique\/","url":"https:\/\/www.appuistrategique.fr\/index.php\/strategie-e-commerce-pilotage-de-projets-digitaux-appui-strategique\/","name":"Strat\u00e9gie E-commerce & Pilotage de Projets Digitaux | Appui Strat\u00e9gique - Appui Strat\u00e9gique","isPartOf":{"@id":"https:\/\/www.appuistrategique.fr\/#website"},"datePublished":"2025-12-07T10:12:03+00:00","dateModified":"2026-01-08T10:57:25+00:00","description":"Boostez votre rentabilit\u00e9 en ligne. Consultant expert en strat\u00e9gie et pilotage de projets : de l'audit \u00e0 l'optimisation du parcours client et du ROI.","breadcrumb":{"@id":"https:\/\/www.appuistrategique.fr\/index.php\/strategie-e-commerce-pilotage-de-projets-digitaux-appui-strategique\/#breadcrumb"},"inLanguage":"fr-FR","potentialAction":[{"@type":"ReadAction","target":["https:\/\/www.appuistrategique.fr\/index.php\/strategie-e-commerce-pilotage-de-projets-digitaux-appui-strategique\/"]}]},{"@type":"BreadcrumbList","@id":"https:\/\/www.appuistrategique.fr\/index.php\/strategie-e-commerce-pilotage-de-projets-digitaux-appui-strategique\/#breadcrumb","itemListElement":[{"@type":"ListItem","position":1,"name":"Accueil","item":"https:\/\/www.appuistrategique.fr\/"},{"@type":"ListItem","position":2,"name":"Strat\u00e9gie E-commerce &#038; Pilotage de Projets Digitaux | Appui Strat\u00e9gique"}]},{"@type":"WebSite","@id":"https:\/\/www.appuistrategique.fr\/#website","url":"https:\/\/www.appuistrategique.fr\/","name":"Appui Strat\u00e9gique","description":"Solutions Performantes, R\u00e9sultats Humains","publisher":{"@id":"https:\/\/www.appuistrategique.fr\/#organization"},"potentialAction":[{"@type":"SearchAction","target":{"@type":"EntryPoint","urlTemplate":"https:\/\/www.appuistrategique.fr\/?s={search_term_string}"},"query-input":{"@type":"PropertyValueSpecification","valueRequired":true,"valueName":"search_term_string"}}],"inLanguage":"fr-FR"},{"@type":"Organization","@id":"https:\/\/www.appuistrategique.fr\/#organization","name":"Appui Strat\u00e9gique","url":"https:\/\/www.appuistrategique.fr\/","logo":{"@type":"ImageObject","inLanguage":"fr-FR","@id":"https:\/\/www.appuistrategique.fr\/#\/schema\/logo\/image\/","url":"https:\/\/www.appuistrategique.fr\/wp-content\/uploads\/2025\/12\/Logo-Appui-Strategique.png","contentUrl":"https:\/\/www.appuistrategique.fr\/wp-content\/uploads\/2025\/12\/Logo-Appui-Strategique.png","width":1024,"height":1024,"caption":"Appui Strat\u00e9gique"},"image":{"@id":"https:\/\/www.appuistrategique.fr\/#\/schema\/logo\/image\/"},"sameAs":["https:\/\/www.linkedin.com\/company\/appui-stratgique"]}]}},"_links":{"self":[{"href":"https:\/\/www.appuistrategique.fr\/index.php\/wp-json\/wp\/v2\/pages\/210","targetHints":{"allow":["GET"]}}],"collection":[{"href":"https:\/\/www.appuistrategique.fr\/index.php\/wp-json\/wp\/v2\/pages"}],"about":[{"href":"https:\/\/www.appuistrategique.fr\/index.php\/wp-json\/wp\/v2\/types\/page"}],"author":[{"embeddable":true,"href":"https:\/\/www.appuistrategique.fr\/index.php\/wp-json\/wp\/v2\/users\/1"}],"replies":[{"embeddable":true,"href":"https:\/\/www.appuistrategique.fr\/index.php\/wp-json\/wp\/v2\/comments?post=210"}],"version-history":[{"count":5,"href":"https:\/\/www.appuistrategique.fr\/index.php\/wp-json\/wp\/v2\/pages\/210\/revisions"}],"predecessor-version":[{"id":310,"href":"https:\/\/www.appuistrategique.fr\/index.php\/wp-json\/wp\/v2\/pages\/210\/revisions\/310"}],"wp:attachment":[{"href":"https:\/\/www.appuistrategique.fr\/index.php\/wp-json\/wp\/v2\/media?parent=210"}],"curies":[{"name":"wp","href":"https:\/\/api.w.org\/{rel}","templated":true}]}}